{"id":173,"date":"2026-03-10T13:51:05","date_gmt":"2026-03-10T18:51:05","guid":{"rendered":"https:\/\/moniqbot.app\/?page_id=173"},"modified":"2026-03-12T20:20:58","modified_gmt":"2026-03-13T01:20:58","slug":"diseno-de-la-solucion","status":"publish","type":"page","link":"https:\/\/moniqbot.app\/en\/diseno-de-la-solucion\/","title":{"rendered":"Dise\u00f1o de la soluci\u00f3n"},"content":{"rendered":"<p>MonIQ_bot ha sido dise\u00f1ado como una <strong>plataforma de inteligencia artificial orientada a resolver<\/strong> uno de los mayores cuellos de botella operativos en los negocios de servicios: <strong>La gesti\u00f3n eficiente de la comunicaci\u00f3n con los clientes y la coordinaci\u00f3n de agendas.<\/strong><br><br>La soluci\u00f3n combina inteligencia artificial conversacional, automatizaci\u00f3n de procesos y una arquitectura cloud escalable para transformar la forma en que los negocios interact\u00faan con sus clientes.<\/p>\n\n\n\n<blockquote class=\"wp-block-quote alignleft has-text-align-right has-border-color has-primary-color-border-color has-neutral-0-color has-primary-active-background-color has-text-color has-background has-link-color wp-elements-a58efcd865ec005eb968fd68545c437d is-layout-flow wp-container-core-quote-is-layout-92c44e9e wp-block-quote-is-layout-flow\" style=\"padding-top:0;padding-bottom:0\">\n<p class=\"has-text-align-right\"><strong>ARQUITECTURA <\/strong><\/p>\n\n\n\n<p class=\"has-text-align-right\"><strong>DEL SISTEMA.<\/strong><\/p>\n<\/blockquote>\n\n\n\n<p>La plataforma sigue una arquitectura modular que permite escalar progresivamente a medida que crece el n\u00famero de negocios y conversaciones gestionadas.<\/p>\n\n\n\n<h5 class=\"wp-block-heading\">Componentes principales:<\/h5>\n\n\n\n<div class=\"wp-block-group is-layout-grid wp-container-core-group-is-layout-478b6e6b wp-block-group-is-layout-grid\"><p class=\"has-border-color has-primary-color-border-color has-neutral-0-color has-primary-color-background-color has-text-color has-background has-link-color wp-elements-2380f72978ee4e7e622dd67e0948beea wp-container-content-69bc4bdf\" style=\"filter:var(--wp--custom--drop-shadow--x-large);\"><strong>Capa de interacci&oacute;n con el cliente.<\/strong><br>Permite que los clientes interact&uacute;en con el negocio a trav&eacute;s de canales de mensajer&iacute;a como WhatsApp u otros sistemas de comunicaci&oacute;n digital.<\/p>\n\n\n\n<div class=\"wp-block-group is-vertical is-layout-flex wp-container-core-group-is-layout-fe9cc265 wp-block-group-is-layout-flex\"><p class=\"has-border-color has-primary-color-border-color has-neutral-200-color has-primary-active-background-color has-text-color has-background has-link-color wp-elements-bc4f6df7e4ab18053a38bdfa46593952\" style=\"filter:var(--wp--custom--drop-shadow--x-large);\"><strong>Motor de interpretaci&oacute;n conversacional<\/strong>.<br>Un sistema de procesamiento de lenguaje natural interpreta la intenci&oacute;n del cliente (consultar disponibilidad, agendar cita, modificar reserva, hacer preguntas).<\/p>\n<\/div>\n\n\n\n<div class=\"wp-block-group is-layout-grid wp-container-core-group-is-layout-478b6e6b wp-block-group-is-layout-grid\"><p class=\"has-border-color has-primary-color-border-color has-background wp-container-content-69bc4bdf\" style=\"background-color:#6ee7b7;filter:var(--wp--custom--drop-shadow--x-large);\"><strong>Motor de gesti&oacute;n de agenda.<\/strong><br>El sistema consulta disponibilidad, evita colisiones de horarios y coordina autom&aacute;ticamente citas entre clientes, servicios y colaboradores disponibles.<\/p>\n<\/div>\n\n\n<p class=\"has-border-color has-primary-color-border-color has-background wp-container-content-69bc4bdf\" style=\"background-color:#a7f3d0;filter:var(--wp--custom--drop-shadow--x-large);\"><strong>Orquestaci&oacute;n de procesos.<\/strong><br>Una capa de l&oacute;gica de negocio coordina las acciones necesarias para completar cada interacci&oacute;n: validar horarios, confirmar reservas y actualizar la agenda.<\/p>\n\n\n<p class=\"has-border-color has-primary-color-border-color has-background wp-container-content-69bc4bdf\" style=\"background-color:#d1fae5;filter:var(--wp--custom--drop-shadow--large);\"><strong>Infraestructura de datos.<\/strong><br>La informaci&oacute;n de clientes, conversaciones y reservas se almacena de forma segura y estructurada para permitir escalabilidad, trazabilidad y an&aacute;lisis.<\/p>\n<\/div>\n\n\n\n<p><\/p>\n\n\n\n<blockquote class=\"wp-block-quote alignleft has-text-align-right has-border-color has-primary-color-border-color has-neutral-0-color has-primary-active-background-color has-text-color has-background has-link-color wp-elements-2b11ce753b601272f4abd60978356ca7 is-layout-flow wp-container-core-quote-is-layout-92c44e9e wp-block-quote-is-layout-flow\" style=\"padding-top:0;padding-bottom:0\">\n<p><strong>PRINCIPIOS DEL<\/strong><\/p>\n\n\n\n<p><strong>DISE\u00d1O DE PRODUCTO.<\/strong><\/p>\n<\/blockquote>\n\n\n\n<p class=\"has-text-align-left\">El desarrollo de MonIQ_bot se basa en cuatro <strong>principios fundamentales<\/strong>:<\/p>\n\n\n\n<p><\/p>\n\n\n\n<div class=\"wp-block-group is-content-justification-center is-nowrap is-layout-flex wp-container-core-group-is-layout-b35f32a3 wp-block-group-is-layout-flex\">\n<p class=\"has-text-align-center has-border-color has-primary-color-border-color wp-container-content-e29552f7\"><strong>Automatizaci\u00f3n inteligente<\/strong>.<br>Reducir la carga operativa manual sin perder la naturalidad de la interacci\u00f3n con el cliente.<\/p>\n<\/div>\n\n\n\n<div class=\"wp-block-group is-layout-grid wp-container-core-group-is-layout-478b6e6b wp-block-group-is-layout-grid\">\n<p class=\"has-text-align-center has-border-color has-primary-color-border-color\"><strong>Escalabilidad tecnol\u00f3gica<\/strong><br>Arquitectura preparada para manejar miles de conversaciones simult\u00e1neamente.<\/p>\n\n\n\n<p class=\"has-text-align-center has-border-color has-primary-color-border-color\"><strong>Experiencia del cliente fluida<\/strong><br>La interacci\u00f3n debe sentirse tan natural como conversar directamente con el negocio.<\/p>\n\n\n\n<p class=\"has-text-align-center has-border-color has-primary-color-border-color\"><strong>Accesibilidad para micro y peque\u00f1as empresas<\/strong><br>La tecnolog\u00eda debe ser accesible y f\u00e1cil de implementar para negocios que normalmente no tienen acceso a soluciones avanzadas.<\/p>\n<\/div>\n\n\n\n<p><\/p>\n\n\n\n<blockquote class=\"wp-block-quote alignleft has-text-align-right has-border-color has-primary-color-border-color has-neutral-0-color has-primary-active-background-color has-text-color has-background has-link-color wp-elements-ee7ef129ad6e5d48655253590882da46 is-layout-flow wp-container-core-quote-is-layout-92c44e9e wp-block-quote-is-layout-flow\" style=\"padding-top:0;padding-bottom:0\">\n<p><strong>VENTAJAS<\/strong><\/p>\n\n\n\n<p><strong>TECNOL\u00d3GICAS.<\/strong><\/p>\n<\/blockquote>\n\n\n\n<p>El dise\u00f1o de <strong>la soluci\u00f3n permite<\/strong><\/p>\n\n\n<ul class=\"wp-block-list is-layout-flex wp-container-core-list-is-layout-fe9cc265 wp-block-list-is-layout-flex\" style=\"\">\n<li>automatizar la gesti&oacute;n de reservas,<\/li>\n\n\n\n<li>reducir tiempos de respuesta a clientes,<\/li>\n\n\n\n<li>minimizar errores humanos en la agenda,<\/li>\n\n\n\n<li>mejorar la experiencia del cliente y<\/li>\n\n\n\n<li>escalar la operaci&oacute;n sin aumentar personal administrativo.<\/li>\n<\/ul>\n\n\n\n<p><\/p>\n\n\n\n<blockquote class=\"wp-block-quote alignleft has-text-align-right has-border-color has-primary-color-border-color has-neutral-0-color has-primary-active-background-color has-text-color has-background has-link-color wp-elements-4443aa4e8a9ca4780e813f51f1223949 is-layout-flow wp-container-core-quote-is-layout-03eb1f2a wp-block-quote-is-layout-flow\" style=\"padding-top:var(--wp--preset--spacing--2-x-small);padding-bottom:var(--wp--preset--spacing--2-x-small)\">\n<p>ESCALABILIDAD.<\/p>\n<\/blockquote>\n\n\n\n<p>La arquitectura de MonIQ_bot ha sido <strong>dise\u00f1ada para soportar crecimiento progresivo<\/strong> en tres dimensiones:<\/p>\n\n\n\n<div class=\"wp-block-group alignwide is-layout-grid wp-container-core-group-is-layout-478b6e6b wp-block-group-is-layout-grid\">\n<p class=\"has-text-align-center has-border-color has-primary-color-border-color has-background wp-container-content-69bc4bdf\" style=\"background-color:#d1fae5\">N\u00famero de negocios utilizando la plataforma.<\/p>\n\n\n\n<p class=\"has-text-align-center has-border-color has-primary-color-border-color has-background wp-container-content-69bc4bdf\" style=\"background-color:#6ee7b7\">Volumen de conversaciones simult\u00e1neas.<\/p>\n\n\n\n<p class=\"has-text-align-center has-border-color has-primary-color-border-color has-neutral-0-color has-primary-color-background-color has-text-color has-background has-link-color wp-elements-9b8e0e9048e3eb5f9cc25111116fd26b wp-container-content-69bc4bdf\">Volumen de conversaciones simult\u00e1neas.<\/p>\n<\/div>\n\n\n\n<p>Esto permite evolucionar desde una etapa de MVP funcional hasta una plataforma capaz de operar a gran escala.<\/p>\n\n\n\n<p><\/p>\n\n\n\n<blockquote class=\"wp-block-quote alignleft has-text-align-right has-border-color has-primary-color-border-color has-neutral-0-color has-primary-active-background-color has-text-color has-background has-link-color wp-elements-781e2a3c5f9910581c9061f7b390f8a7 is-layout-flow wp-container-core-quote-is-layout-86e4276f wp-block-quote-is-layout-flow\" style=\"padding-top:var(--wp--preset--spacing--2-x-small);padding-bottom:var(--wp--preset--spacing--2-x-small)\">\n<p><strong>EVOLUCI\u00d3N DEL<\/strong><\/p>\n\n\n\n<p><strong>PRODUCTO.<\/strong><\/p>\n<\/blockquote>\n\n\n\n<p><span style=\"white-space: normal; caret-color: rgb(0, 0, 0); color: rgb(0, 0, 0); font-size: medium;\">La <strong>hoja de ruta tecnol\u00f3gica<\/strong> contempla:<\/span><\/p>\n\n\n\n<div style=\"position:relative; width:100%; height:100vh; overflow:hidden; background:#ffffff;\">\n\n  <iframe\n    src=\"https:\/\/docs.google.com\/spreadsheets\/d\/e\/2PACX-1vTyrgmfcLW95LW0wM1gIJamnoXAg9RfnHciixYRkFIRWNg5HihPka1gIcul5_RlKLnuRqy3DHpcNb-5\/pubhtml?gid=0&#038;single=true&#038;widget=true&#038;headers=false\"\n    style=\"      position:absolute;      top:-20px;      left:0px;      width:calc(100% + 40px);      height:calc(100vh + 120px);      border:none;      overflow:hidden;    \">\n  <\/iframe>\n\n<\/div>\n\n\n\n<p><\/p>\n\n\n\n<blockquote class=\"wp-block-quote alignright has-border-color has-primary-color-border-color has-neutral-0-color has-primary-active-background-color has-text-color has-background has-link-color wp-elements-539330ab13d3749397429fed8143f0bd is-layout-flow wp-container-core-quote-is-layout-94272bf3 wp-block-quote-is-layout-flow\" style=\"margin-top:0;margin-right:0;margin-bottom:0;margin-left:0;padding-top:var(--wp--preset--spacing--2-x-small);padding-bottom:var(--wp--preset--spacing--2-x-small)\">\n<p class=\"has-text-align-left\">VISI\u00d3N TECNOL\u00d3GICA.<\/p>\n<\/blockquote>\n\n\n\n<p>MonIQ_bot busca convertirse en una plataforma que <strong>permita a millones de peque\u00f1os negocios acceder a herramientas de inteligencia artificial<\/strong> que tradicionalmente solo estaban disponibles para grandes empresas.<\/p>\n\n\n\n<p>El objetivo es transformar la forma en que los negocios gestionan la relaci\u00f3n con sus clientes, utilizando tecnolog\u00eda que mejore la eficiencia operativa y la experiencia de servicio.<\/p>\n\n\n\n<p><\/p>","protected":false},"excerpt":{"rendered":"<p>MonIQ_bot ha sido dise\u00f1ado como una plataforma de inteligencia artificial orientada a resolver uno de los mayores cuellos de botella operativos en los negocios de servicios: La gesti\u00f3n eficiente de la comunicaci\u00f3n con los clientes y la coordinaci\u00f3n de agendas. La soluci\u00f3n combina inteligencia artificial conversacional, automatizaci\u00f3n de procesos y una arquitectura cloud escalable para [&hellip;]<\/p>\n","protected":false},"author":1,"featured_media":0,"parent":0,"menu_order":0,"comment_status":"closed","ping_status":"closed","template":"elementor_theme","meta":{"footnotes":""},"class_list":["post-173","page","type-page","status-publish","hentry"],"_links":{"self":[{"href":"https:\/\/moniqbot.app\/en\/wp-json\/wp\/v2\/pages\/173","targetHints":{"allow":["GET"]}}],"collection":[{"href":"https:\/\/moniqbot.app\/en\/wp-json\/wp\/v2\/pages"}],"about":[{"href":"https:\/\/moniqbot.app\/en\/wp-json\/wp\/v2\/types\/page"}],"author":[{"embeddable":true,"href":"https:\/\/moniqbot.app\/en\/wp-json\/wp\/v2\/users\/1"}],"replies":[{"embeddable":true,"href":"https:\/\/moniqbot.app\/en\/wp-json\/wp\/v2\/comments?post=173"}],"version-history":[{"count":36,"href":"https:\/\/moniqbot.app\/en\/wp-json\/wp\/v2\/pages\/173\/revisions"}],"predecessor-version":[{"id":291,"href":"https:\/\/moniqbot.app\/en\/wp-json\/wp\/v2\/pages\/173\/revisions\/291"}],"wp:attachment":[{"href":"https:\/\/moniqbot.app\/en\/wp-json\/wp\/v2\/media?parent=173"}],"curies":[{"name":"wp","href":"https:\/\/api.w.org\/{rel}","templated":true}]}}