{"id":215,"date":"2026-03-10T15:58:07","date_gmt":"2026-03-10T20:58:07","guid":{"rendered":"https:\/\/moniqbot.app\/?page_id=215"},"modified":"2026-03-10T16:11:10","modified_gmt":"2026-03-10T21:11:10","slug":"equipo","status":"publish","type":"page","link":"https:\/\/moniqbot.app\/en\/equipo\/","title":{"rendered":"Team"},"content":{"rendered":"<div class=\"wp-block-group is-layout-grid wp-container-core-group-is-layout-b757edec wp-block-group-is-layout-grid\">\n<figure class=\"wp-block-image size-full has-custom-border is-style-rounded is-style-rounded--1\"><img fetchpriority=\"high\" decoding=\"async\" width=\"563\" height=\"800\" src=\"https:\/\/moniqbot.app\/wp-content\/uploads\/2026\/03\/20260310_MNQ_dv.jpeg\" alt=\"\" class=\"has-border-color has-primary-color-border-color wp-image-216\" srcset=\"https:\/\/moniqbot.app\/wp-content\/uploads\/2026\/03\/20260310_MNQ_dv.jpeg 563w, https:\/\/moniqbot.app\/wp-content\/uploads\/2026\/03\/20260310_MNQ_dv-211x300.jpeg 211w\" sizes=\"(max-width: 563px) 100vw, 563px\" \/><\/figure>\n\n\n\n<figure class=\"wp-block-image size-full has-custom-border is-style-rounded is-style-rounded--2\"><img decoding=\"async\" width=\"563\" height=\"800\" src=\"https:\/\/moniqbot.app\/wp-content\/uploads\/2026\/03\/20260310_MNQ_mm.jpeg\" alt=\"\" class=\"has-border-color has-primary-color-border-color wp-image-217\" srcset=\"https:\/\/moniqbot.app\/wp-content\/uploads\/2026\/03\/20260310_MNQ_mm.jpeg 563w, https:\/\/moniqbot.app\/wp-content\/uploads\/2026\/03\/20260310_MNQ_mm-211x300.jpeg 211w\" sizes=\"(max-width: 563px) 100vw, 563px\" \/><\/figure>\n\n\n\n<p><strong>David V\u00edquez<\/strong><br>Fundador.<br>Project manager y desarrollador del modelo MonIQ_bot<br><a href=\"https:\/\/www.linkedin.com\/in\/viquez\/\" target=\"_blank\" rel=\"noopener\">https:\/\/www.linkedin.com\/in\/viquez\/<\/a><\/p>\n\n\n\n<p class=\"wp-container-content-5e2576f9\"><strong>M\u00f3nica Marim\u00f3n<\/strong><br>Cofundadora.<br>Experiencia de negocio, m\u00e1s de 15 a\u00f1os en la industria de la belleza.<\/p>\n<\/div>\n\n\n\n<p><\/p>","protected":false},"excerpt":{"rendered":"<p>David V\u00edquezFundador.Project manager y desarrollador del modelo MonIQ_bothttps:\/\/www.linkedin.com\/in\/viquez\/ M\u00f3nica Marim\u00f3nCofundadora.Experiencia de negocio, m\u00e1s de 15 a\u00f1os en la industria de la belleza.<\/p>","protected":false},"author":1,"featured_media":0,"parent":0,"menu_order":0,"comment_status":"closed","ping_status":"closed","template":"elementor_theme","meta":{"footnotes":""},"class_list":["post-215","page","type-page","status-publish","hentry"],"_links":{"self":[{"href":"https:\/\/moniqbot.app\/en\/wp-json\/wp\/v2\/pages\/215","targetHints":{"allow":["GET"]}}],"collection":[{"href":"https:\/\/moniqbot.app\/en\/wp-json\/wp\/v2\/pages"}],"about":[{"href":"https:\/\/moniqbot.app\/en\/wp-json\/wp\/v2\/types\/page"}],"author":[{"embeddable":true,"href":"https:\/\/moniqbot.app\/en\/wp-json\/wp\/v2\/users\/1"}],"replies":[{"embeddable":true,"href":"https:\/\/moniqbot.app\/en\/wp-json\/wp\/v2\/comments?post=215"}],"version-history":[{"count":2,"href":"https:\/\/moniqbot.app\/en\/wp-json\/wp\/v2\/pages\/215\/revisions"}],"predecessor-version":[{"id":221,"href":"https:\/\/moniqbot.app\/en\/wp-json\/wp\/v2\/pages\/215\/revisions\/221"}],"wp:attachment":[{"href":"https:\/\/moniqbot.app\/en\/wp-json\/wp\/v2\/media?parent=215"}],"curies":[{"name":"wp","href":"https:\/\/api.w.org\/{rel}","templated":true}]}}