{"id":87,"date":"2026-02-27T18:38:50","date_gmt":"2026-02-27T23:38:50","guid":{"rendered":"https:\/\/moniqbot.app\/?page_id=87"},"modified":"2026-03-10T16:16:16","modified_gmt":"2026-03-10T21:16:16","slug":"precios","status":"publish","type":"page","link":"https:\/\/moniqbot.app\/en\/precios\/","title":{"rendered":"Simplicidad en precios"},"content":{"rendered":"<h3 class=\"wp-block-heading\" style=\"line-height:0.8\">Acceso total, crecimiento sin barreras.<\/h3>\n\n\n\n<p>No pag\u00e1s por estructura.<br>Pag\u00e1s por resultados.<br><br>La mayor\u00eda de las plataformas limitan tu crecimiento.<\/p>\n\n\n\n<blockquote class=\"wp-block-quote alignleft is-style-default has-border-color has-primary-color-border-color has-neutral-0-color has-primary-active-background-color has-text-color has-background has-link-color wp-elements-aa5e02c727f203ffdcb1f84e875712b2 is-layout-flow wp-container-core-quote-is-layout-8a368f38 wp-block-quote-is-layout-flow\">\n<p class=\"has-text-align-center\"><strong>MonIQ_bot elimina este modelo:<\/strong><\/p>\n<\/blockquote>\n\n\n<ul class=\"wp-block-list is-layout-flex wp-container-core-list-is-layout-fe9cc265 wp-block-list-is-layout-flex\" style=\"\">\n<li>M&aacute;s sucursales &rarr; M&aacute;s costo.<\/li>\n\n\n\n<li>M&aacute;s colaboradores &rarr; M&aacute;s licencias.<\/li>\n\n\n\n<li>M&aacute;s servicios &rarr; M&aacute;s plan.<\/li>\n\n\n\n<li>M&aacute;s funciones &rarr; M&aacute;s pagos.<\/li>\n<\/ul>\n\n\n\n<p><\/p>\n\n\n\n<h3 class=\"wp-block-heading has-text-align-right\">\ud83d\ude80 Con MonIQ_bot todo es ilimitado.<\/h3>\n\n\n\n<p class=\"has-text-align-center\">Recib\u00eds la <strong>plataforma completa<\/strong>, con todas sus capacidades activadas <strong>desde el d\u00eda uno<\/strong>.<\/p>\n\n\n\n<div class=\"wp-block-columns is-layout-flex wp-container-core-columns-is-layout-28f84493 wp-block-columns-is-layout-flex\">\n<div class=\"wp-block-column is-layout-flow wp-block-column-is-layout-flow\" style=\"flex-basis:100%\"><div class=\"wp-block-group is-style-default has-global-padding is-layout-constrained wp-block-group-is-layout-constrained\" style=\"box-shadow:var(--wp--preset--shadow--outlined);\">\n<figure class=\"wp-block-table is-style-regular\"><table class=\"has-fixed-layout\">\n<thead><tr>\n<th class=\"has-text-align-center\" data-align=\"center\">Rubro<\/th>\n<th class=\"has-text-align-center\" data-align=\"center\">Valor<\/th>\n<\/tr><\/thead>\n<tbody>\n<tr>\n<td class=\"has-text-align-center\" data-align=\"center\">Sucursales <\/td>\n<td class=\"has-text-align-center\" data-align=\"center\">Ilimitadas<\/td>\n<\/tr>\n<tr>\n<td class=\"has-text-align-center\" data-align=\"center\">Servicios <\/td>\n<td class=\"has-text-align-center\" data-align=\"center\">Ilimitados<\/td>\n<\/tr>\n<tr>\n<td class=\"has-text-align-center\" data-align=\"center\">Clientes <\/td>\n<td class=\"has-text-align-center\" data-align=\"center\">Ilimitados<\/td>\n<\/tr>\n<tr>\n<td class=\"has-text-align-center\" data-align=\"center\">Colaboradores <\/td>\n<td class=\"has-text-align-center\" data-align=\"center\">Ilimitados<\/td>\n<\/tr>\n<tr>\n<td class=\"has-text-align-center\" data-align=\"center\">Roles y horarios <\/td>\n<td class=\"has-text-align-center\" data-align=\"center\">Ilimitados<\/td>\n<\/tr>\n<tr>\n<td class=\"has-text-align-center\" data-align=\"center\">Citas <\/td>\n<td class=\"has-text-align-center\" data-align=\"center\">Ilimitadas<\/td>\n<\/tr>\n<\/tbody>\n<\/table><\/figure>\n<\/div>\n<\/div>\n<\/div>\n\n\n\n<p><\/p>\n\n\n<ul class=\"wp-block-list is-layout-flex wp-container-core-list-is-layout-fe9cc265 wp-block-list-is-layout-flex\" style=\"\">\n<li>Sin versiones recortadas.<\/li>\n\n\n\n<li>Sin planes intermedios.<\/li>\n\n\n\n<li>Sin desbloqueos futuros.<\/li>\n<\/ul>\n\n\n\n<p>Porque el crecimiento no deber\u00eda penalizarse.<\/p>\n\n\n\n<h3 class=\"wp-block-heading has-text-align-center\">Entonces, \u00bfc\u00f3mo se calcula el precio?<\/h3>\n\n\n\n<h5 class=\"wp-block-heading has-text-align-center\">Spoiler: Solo pag\u00e1s por citas efectivamente generadas.<\/h5>\n\n\n\n<blockquote class=\"wp-block-quote alignleft has-text-align-center has-border-color has-primary-color-border-color has-neutral-0-color has-primary-active-background-color has-text-color has-background has-link-color wp-elements-8b199e52442f1205d6c3473fbe8b9eb6 is-layout-flow wp-container-core-quote-is-layout-8a368f38 wp-block-quote-is-layout-flow\" style=\"border-width:3px\">\n<p><strong>Si MonIQ_bot agenda una cita, hay valor.<br>Si no agenda, no hay costo.<br>El modelo est\u00e1 alineado<\/strong><\/p>\n\n\n\n<p><strong>a resultados reales.<\/strong><\/p>\n<\/blockquote>\n\n\n\n<p>El valor por cita disminuye a medida que tu negocio crece.<\/p>\n\n\n\n<figure class=\"wp-block-table\"><table><thead><tr><th>Cantidad de citas<\/th><th class=\"has-text-align-center\" data-align=\"center\">Valor por cita<\/th><\/tr><\/thead><tbody><tr><td>Primeras 100 <\/td><td class=\"has-text-align-center\" data-align=\"center\">$1.00<\/td><\/tr><tr><td>101 a 250 <\/td><td class=\"has-text-align-center\" data-align=\"center\">$0.90<\/td><\/tr><tr><td>251 a 500 <\/td><td class=\"has-text-align-center\" data-align=\"center\">$0.80<\/td><\/tr><tr><td>501 a 750 <\/td><td class=\"has-text-align-center\" data-align=\"center\">$0.70<\/td><\/tr><tr><td>751 a 1,000 <\/td><td class=\"has-text-align-center\" data-align=\"center\">$0.60<\/td><\/tr><tr><td>Desde 1,001 en adelante <\/td><td class=\"has-text-align-center\" data-align=\"center\">$0.50<\/td><\/tr><\/tbody><\/table><\/figure>\n\n\n\n<p><\/p>\n\n\n\n<h4 class=\"wp-block-heading\">\u00bfC\u00f3mo funciona ese esquema?<\/h4>\n\n\n\n<p>Es progresivo por rango.<br>Ejemplo real: <strong>Si gener\u00e1s 500 citas en un mes:<\/strong><\/p>\n\n\n<ul class=\"wp-block-list is-style-checklist is-layout-flex wp-container-core-list-is-layout-fe9cc265 wp-block-list-is-layout-flex\" style=\"\">\n<li>100 se cobran a $1.00<\/li>\n\n\n\n<li>150 se cobran a $0.90<\/li>\n\n\n\n<li>250 se cobran a $0.80<\/li>\n<\/ul>\n\n\n\n<p>En promedio pagas $0.87 por cita.<\/p>\n\n\n\n<p>Cada bloque mantiene su tarifa.<br>Nunca pag\u00e1s todas las citas al precio m\u00e1s alto.<br><strong>Resultado: A mayor volumen, menor costo promedio por cita.<\/strong><\/p>\n\n\n\n<p><\/p>\n\n\n\n<h3 class=\"wp-block-heading\">\u00bfPor qu\u00e9 este modelo es superior a la competencia?<\/h3>\n\n\n\n<div class=\"wp-block-columns is-layout-flex wp-container-core-columns-is-layout-28f84493 wp-block-columns-is-layout-flex\">\n<div class=\"wp-block-column is-layout-flow wp-block-column-is-layout-flow\"><ol class=\"wp-block-list is-style-check-circle is-layout-flex wp-container-core-list-is-layout-fe9cc265 wp-block-list-is-layout-flex\" style=\"\">\n<li>Ni tu cliente, ni tus colaboradores, ni vos requieren bajar ninguna app: <strong>&iexcl;Todo se gestiona por WhatsApp!<\/strong>\n<\/li>\n\n\n\n<li>\n<strong>Es justo: <\/strong>Pag&aacute;s por uso real, no por capacidad instalada.<\/li>\n\n\n\n<li>\n<strong>Es medible: <\/strong>La cita es un evento objetivo, cuantificable y auditable.<\/li>\n\n\n\n<li>\n<strong>Es escalable: <\/strong>Pod&eacute;s crecer sin renegociar planes o desbloquear funciones.<\/li>\n\n\n\n<li>\n<strong>Reduce riesgo: <\/strong>No hay inversi&oacute;n fija elevada ni costos estructurales ocultos.<\/li>\n\n\n\n<li>\n<strong>Est&aacute; alineado a tu &eacute;xito: <\/strong>Si tu negocio crece, tu costo unitario baja.<\/li>\n\n\n\n<li>Nuestro incentivo es que generes m&aacute;s citas.<\/li>\n<\/ol>\n<\/div>\n\n\n\n<div class=\"wp-block-column is-layout-flow wp-block-column-is-layout-flow\">\n<p class=\"has-text-align-center\"><strong>El costo siempre es proporcional al valor generado.<\/strong><\/p>\n\n\n\n<blockquote class=\"wp-block-quote has-text-align-right has-border-color has-primary-color-border-color has-neutral-0-color has-primary-active-background-color has-text-color has-background has-link-color wp-elements-99cc677e0408d87cdfffb5f4d31596d7 is-layout-flow wp-container-core-quote-is-layout-8a368f38 wp-block-quote-is-layout-flow\">\n<p>No te vendemos software por usuario.<br>Te damos un motor de generaci\u00f3n y gesti\u00f3n inteligente de citas.<\/p>\n<\/blockquote>\n\n\n<ul class=\"wp-block-list is-style-check-circle is-layout-flex wp-container-core-list-is-layout-fe9cc265 wp-block-list-is-layout-flex\" style=\"\">\n<li>Elimin&aacute;s colisiones.<\/li>\n\n\n\n<li>Conoc&eacute;s tu capacidad real.<\/li>\n\n\n\n<li>Oper&aacute;s con l&oacute;gica estructurada.<\/li>\n\n\n\n<li>Escal&aacute;s sin caos.<\/li>\n<\/ul>\n<\/div>\n<\/div>\n\n\n\n<p><\/p>","protected":false},"excerpt":{"rendered":"<p>Acceso total, crecimiento sin barreras. No pag\u00e1s por estructura.Pag\u00e1s por resultados. La mayor\u00eda de las plataformas limitan tu crecimiento. MonIQ_bot elimina este modelo: \ud83d\ude80 Con MonIQ_bot todo es ilimitado. Recib\u00eds la plataforma completa, con todas sus capacidades activadas desde el d\u00eda uno. Rubro Valor Sucursales Ilimitadas Servicios Ilimitados Clientes Ilimitados Colaboradores Ilimitados Roles y horarios [&hellip;]<\/p>\n","protected":false},"author":1,"featured_media":0,"parent":0,"menu_order":0,"comment_status":"closed","ping_status":"closed","template":"elementor_theme","meta":{"footnotes":""},"class_list":["post-87","page","type-page","status-publish","hentry"],"_links":{"self":[{"href":"https:\/\/moniqbot.app\/en\/wp-json\/wp\/v2\/pages\/87","targetHints":{"allow":["GET"]}}],"collection":[{"href":"https:\/\/moniqbot.app\/en\/wp-json\/wp\/v2\/pages"}],"about":[{"href":"https:\/\/moniqbot.app\/en\/wp-json\/wp\/v2\/types\/page"}],"author":[{"embeddable":true,"href":"https:\/\/moniqbot.app\/en\/wp-json\/wp\/v2\/users\/1"}],"replies":[{"embeddable":true,"href":"https:\/\/moniqbot.app\/en\/wp-json\/wp\/v2\/comments?post=87"}],"version-history":[{"count":10,"href":"https:\/\/moniqbot.app\/en\/wp-json\/wp\/v2\/pages\/87\/revisions"}],"predecessor-version":[{"id":225,"href":"https:\/\/moniqbot.app\/en\/wp-json\/wp\/v2\/pages\/87\/revisions\/225"}],"wp:attachment":[{"href":"https:\/\/moniqbot.app\/en\/wp-json\/wp\/v2\/media?parent=87"}],"curies":[{"name":"wp","href":"https:\/\/api.w.org\/{rel}","templated":true}]}}